{"id":2124,"date":"2025-11-17T13:17:32","date_gmt":"2025-11-17T11:17:32","guid":{"rendered":"https:\/\/casino-site-amp28.top\/?page_id=2124"},"modified":"2025-11-17T13:29:44","modified_gmt":"2025-11-17T11:29:44","slug":"anmelden","status":"publish","type":"page","link":"https:\/\/casino-site-amp28.top\/anmelden\/","title":{"rendered":"Anmelden"},"content":{"rendered":"","protected":false},"excerpt":{"rendered":"","protected":false},"author":1,"featured_media":0,"parent":0,"menu_order":0,"comment_status":"closed","ping_status":"closed","template":"home-new.php","meta":{"_acf_changed":false,"footnotes":""},"class_list":["post-2124","page","type-page","status-publish","hentry"],"acf":[],"yoast_head":"<!-- This site is optimized with the Yoast SEO plugin v26.8 - https:\/\/yoast.com\/product\/yoast-seo-wordpress\/ -->\n<title>Dolly Casino Login in Deutschland sicher und schnell erkl\u00e4rt<\/title>\n<meta name=\"description\" content=\"Erfahren Sie, wie der Dolly Casino Login in Deutschland funktioniert. Zugang, Login-Optionen, Sicherheit und L\u00f6sungen f\u00fcr h\u00e4ufige Login-Probleme im Dolly casino DE und Casino Dolly\" \/>\n<meta name=\"robots\" content=\"index, follow, max-snippet:-1, max-image-preview:large, max-video-preview:-1\" \/>\n<link rel=\"canonical\" href=\"https:\/\/casino-site-amp28.top\/anmelden\/\" \/>\n<meta property=\"og:locale\" content=\"ru_RU\" \/>\n<meta property=\"og:type\" content=\"article\" \/>\n<meta property=\"og:title\" content=\"Dolly Casino Login in Deutschland sicher und schnell erkl\u00e4rt\" \/>\n<meta property=\"og:description\" content=\"Erfahren Sie, wie der Dolly Casino Login in Deutschland funktioniert. Zugang, Login-Optionen, Sicherheit und L\u00f6sungen f\u00fcr h\u00e4ufige Login-Probleme im Dolly casino DE und Casino Dolly\" \/>\n<meta property=\"og:url\" content=\"https:\/\/casino-site-amp28.top\/anmelden\/\" \/>\n<meta property=\"og:site_name\" content=\"casino-site-amp28.top\" \/>\n<meta property=\"article:modified_time\" content=\"2025-11-17T11:29:44+00:00\" \/>\n<script type=\"application\/ld+json\" class=\"yoast-schema-graph\">{\"@context\":\"https:\/\/schema.org\",\"@graph\":[{\"@type\":\"WebPage\",\"@id\":\"https:\/\/casino-site-amp28.top\/anmelden\/\",\"url\":\"https:\/\/casino-site-amp28.top\/anmelden\/\",\"name\":\"Dolly Casino Login in Deutschland sicher und schnell erkl\u00e4rt\",\"isPartOf\":{\"@id\":\"https:\/\/casino-site-amp28.top\/#website\"},\"datePublished\":\"2025-11-17T11:17:32+00:00\",\"dateModified\":\"2025-11-17T11:29:44+00:00\",\"description\":\"Erfahren Sie, wie der Dolly Casino Login in Deutschland funktioniert. Zugang, Login-Optionen, Sicherheit und L\u00f6sungen f\u00fcr h\u00e4ufige Login-Probleme im Dolly casino DE und Casino Dolly\",\"breadcrumb\":{\"@id\":\"https:\/\/casino-site-amp28.top\/anmelden\/#breadcrumb\"},\"inLanguage\":\"ru-RU\",\"potentialAction\":[{\"@type\":\"ReadAction\",\"target\":[\"https:\/\/casino-site-amp28.top\/anmelden\/\"]}]},{\"@type\":\"BreadcrumbList\",\"@id\":\"https:\/\/casino-site-amp28.top\/anmelden\/#breadcrumb\",\"itemListElement\":[{\"@type\":\"ListItem\",\"position\":1,\"name\":\"\u0413\u043b\u0430\u0432\u043d\u0430\u044f \u0441\u0442\u0440\u0430\u043d\u0438\u0446\u0430\",\"item\":\"https:\/\/casino-site-amp28.top\/\"},{\"@type\":\"ListItem\",\"position\":2,\"name\":\"Anmelden\"}]},{\"@type\":\"WebSite\",\"@id\":\"https:\/\/casino-site-amp28.top\/#website\",\"url\":\"https:\/\/casino-site-amp28.top\/\",\"name\":\"casino-site-amp28.top\",\"description\":\"\",\"potentialAction\":[{\"@type\":\"SearchAction\",\"target\":{\"@type\":\"EntryPoint\",\"urlTemplate\":\"https:\/\/casino-site-amp28.top\/?s={search_term_string}\"},\"query-input\":{\"@type\":\"PropertyValueSpecification\",\"valueRequired\":true,\"valueName\":\"search_term_string\"}}],\"inLanguage\":\"ru-RU\"}]}<\/script>\n<!-- \/ Yoast SEO plugin. -->","yoast_head_json":{"title":"Dolly Casino Login in Deutschland sicher und schnell erkl\u00e4rt","description":"Erfahren Sie, wie der Dolly Casino Login in Deutschland funktioniert. Zugang, Login-Optionen, Sicherheit und L\u00f6sungen f\u00fcr h\u00e4ufige Login-Probleme im Dolly casino DE und Casino Dolly","robots":{"index":"index","follow":"follow","max-snippet":"max-snippet:-1","max-image-preview":"max-image-preview:large","max-video-preview":"max-video-preview:-1"},"canonical":"https:\/\/casino-site-amp28.top\/anmelden\/","og_locale":"ru_RU","og_type":"article","og_title":"Dolly Casino Login in Deutschland sicher und schnell erkl\u00e4rt","og_description":"Erfahren Sie, wie der Dolly Casino Login in Deutschland funktioniert. Zugang, Login-Optionen, Sicherheit und L\u00f6sungen f\u00fcr h\u00e4ufige Login-Probleme im Dolly casino DE und Casino Dolly","og_url":"https:\/\/casino-site-amp28.top\/anmelden\/","og_site_name":"casino-site-amp28.top","article_modified_time":"2025-11-17T11:29:44+00:00","schema":{"@context":"https:\/\/schema.org","@graph":[{"@type":"WebPage","@id":"https:\/\/casino-site-amp28.top\/anmelden\/","url":"https:\/\/casino-site-amp28.top\/anmelden\/","name":"Dolly Casino Login in Deutschland sicher und schnell erkl\u00e4rt","isPartOf":{"@id":"https:\/\/casino-site-amp28.top\/#website"},"datePublished":"2025-11-17T11:17:32+00:00","dateModified":"2025-11-17T11:29:44+00:00","description":"Erfahren Sie, wie der Dolly Casino Login in Deutschland funktioniert. Zugang, Login-Optionen, Sicherheit und L\u00f6sungen f\u00fcr h\u00e4ufige Login-Probleme im Dolly casino DE und Casino Dolly","breadcrumb":{"@id":"https:\/\/casino-site-amp28.top\/anmelden\/#breadcrumb"},"inLanguage":"ru-RU","potentialAction":[{"@type":"ReadAction","target":["https:\/\/casino-site-amp28.top\/anmelden\/"]}]},{"@type":"BreadcrumbList","@id":"https:\/\/casino-site-amp28.top\/anmelden\/#breadcrumb","itemListElement":[{"@type":"ListItem","position":1,"name":"\u0413\u043b\u0430\u0432\u043d\u0430\u044f \u0441\u0442\u0440\u0430\u043d\u0438\u0446\u0430","item":"https:\/\/casino-site-amp28.top\/"},{"@type":"ListItem","position":2,"name":"Anmelden"}]},{"@type":"WebSite","@id":"https:\/\/casino-site-amp28.top\/#website","url":"https:\/\/casino-site-amp28.top\/","name":"casino-site-amp28.top","description":"","potentialAction":[{"@type":"SearchAction","target":{"@type":"EntryPoint","urlTemplate":"https:\/\/casino-site-amp28.top\/?s={search_term_string}"},"query-input":{"@type":"PropertyValueSpecification","valueRequired":true,"valueName":"search_term_string"}}],"inLanguage":"ru-RU"}]}},"amp_enabled":true,"_links":{"self":[{"href":"https:\/\/casino-site-amp28.top\/wp-json\/wp\/v2\/pages\/2124","targetHints":{"allow":["GET"]}}],"collection":[{"href":"https:\/\/casino-site-amp28.top\/wp-json\/wp\/v2\/pages"}],"about":[{"href":"https:\/\/casino-site-amp28.top\/wp-json\/wp\/v2\/types\/page"}],"author":[{"embeddable":true,"href":"https:\/\/casino-site-amp28.top\/wp-json\/wp\/v2\/users\/1"}],"replies":[{"embeddable":true,"href":"https:\/\/casino-site-amp28.top\/wp-json\/wp\/v2\/comments?post=2124"}],"version-history":[{"count":4,"href":"https:\/\/casino-site-amp28.top\/wp-json\/wp\/v2\/pages\/2124\/revisions"}],"predecessor-version":[{"id":2132,"href":"https:\/\/casino-site-amp28.top\/wp-json\/wp\/v2\/pages\/2124\/revisions\/2132"}],"wp:attachment":[{"href":"https:\/\/casino-site-amp28.top\/wp-json\/wp\/v2\/media?parent=2124"}],"curies":[{"name":"wp","href":"https:\/\/api.w.org\/{rel}","templated":true}]}}